{"id":761,"date":"2024-03-14T10:37:35","date_gmt":"2024-03-14T09:37:35","guid":{"rendered":"https:\/\/b3fxstudios.com\/soporte\/"},"modified":"2024-10-25T13:34:00","modified_gmt":"2024-10-25T11:34:00","slug":"soporte","status":"publish","type":"page","link":"https:\/\/b3fxstudios.com\/es\/soporte\/","title":{"rendered":"Soporte"},"content":{"rendered":"<p><div class=\"fusion-fullwidth fullwidth-box fusion-builder-row-1 fusion-flex-container has-pattern-background has-mask-background fusion-parallax-none nonhundred-percent-fullwidth non-hundred-percent-height-scrolling\" style=\"--awb-border-radius-top-left:0px;--awb-border-radius-top-right:0px;--awb-border-radius-bottom-right:0px;--awb-border-radius-bottom-left:0px;--awb-padding-top:150px;--awb-padding-bottom:0px;--awb-background-image:url(&quot;https:\/\/b3fxstudios.com\/wp-content\/uploads\/2024\/08\/hero-1.jpg&quot;);--awb-background-size:cover;--awb-flex-wrap:wrap;\" ><div class=\"fusion-builder-row fusion-row fusion-flex-align-items-flex-start fusion-flex-align-content-space-between fusion-flex-justify-content-center fusion-flex-content-wrap\" style=\"max-width:1248px;margin-left: calc(-4% \/ 2 );margin-right: calc(-4% \/ 2 );\"><div class=\"fusion-layout-column fusion_builder_column fusion-builder-column-0 fusion_builder_column_1_1 1_1 fusion-flex-column\" style=\"--awb-bg-size:cover;--awb-width-large:100%;--awb-margin-top-large:0px;--awb-spacing-right-large:1.92%;--awb-margin-bottom-large:0px;--awb-spacing-left-large:1.92%;--awb-width-medium:100%;--awb-order-medium:0;--awb-spacing-right-medium:1.92%;--awb-spacing-left-medium:1.92%;--awb-width-small:100%;--awb-order-small:0;--awb-spacing-right-small:1.92%;--awb-spacing-left-small:1.92%;\"><div class=\"fusion-column-wrapper fusion-column-has-shadow fusion-flex-justify-content-flex-start fusion-content-layout-column\"><div class=\"fusion-title title fusion-title-1 fusion-sep-none fusion-title-center fusion-title-text fusion-title-size-two\" style=\"--awb-text-color:var(--awb-custom_color_1);--awb-margin-bottom:0px;--awb-margin-top-small:10px;--awb-margin-right-small:0px;--awb-margin-bottom-small:10px;--awb-margin-left-small:0px;--awb-font-size:20px;\"><h2 class=\"fusion-title-heading title-heading-center fusion-responsive-typography-calculated\" style=\"margin:0;text-transform:uppercase;font-size:1em;--fontSize:20;line-height:var(--awb-typography1-line-height);\">Estamos en contacto<\/h2><\/div><div class=\"fusion-title title fusion-title-2 fusion-sep-none fusion-title-center fusion-title-text fusion-title-size-one\" style=\"--awb-text-color:var(--awb-custom_color_1);--awb-margin-top:0px;--awb-margin-top-small:10px;--awb-margin-right-small:0px;--awb-margin-bottom-small:10px;--awb-margin-left-small:0px;\"><h1 class=\"fusion-title-heading title-heading-center fusion-responsive-typography-calculated\" style=\"margin:0;text-transform:uppercase;--fontSize:64;line-height:var(--awb-typography1-line-height);\">Soporte<\/h1><\/div><div class=\"fusion-image-element \" style=\"text-align:center;--awb-margin-bottom:-7px;--awb-max-width:200px;--awb-caption-title-font-family:var(--h2_typography-font-family);--awb-caption-title-font-weight:var(--h2_typography-font-weight);--awb-caption-title-font-style:var(--h2_typography-font-style);--awb-caption-title-size:var(--h2_typography-font-size);--awb-caption-title-transform:var(--h2_typography-text-transform);--awb-caption-title-line-height:var(--h2_typography-line-height);--awb-caption-title-letter-spacing:var(--h2_typography-letter-spacing);\"><span class=\" fusion-imageframe imageframe-none imageframe-1 hover-type-none\"><img decoding=\"async\" width=\"300\" height=\"24\" title=\"separator\" src=\"https:\/\/b3fxstudios.com\/wp-content\/uploads\/2024\/08\/separator.png\" alt class=\"img-responsive wp-image-668\" srcset=\"https:\/\/b3fxstudios.com\/wp-content\/uploads\/2024\/08\/separator-200x16.png 200w, https:\/\/b3fxstudios.com\/wp-content\/uploads\/2024\/08\/separator.png 300w\" sizes=\"(max-width: 640px) 100vw, 300px\" \/><\/span><\/div><\/div><\/div><\/div><\/div><div class=\"fusion-fullwidth fullwidth-box fusion-builder-row-2 fusion-flex-container has-pattern-background has-mask-background nonhundred-percent-fullwidth non-hundred-percent-height-scrolling\" style=\"--link_color: var(--awb-custom_color_1);--awb-border-radius-top-left:0px;--awb-border-radius-top-right:0px;--awb-border-radius-bottom-right:0px;--awb-border-radius-bottom-left:0px;--awb-padding-top:50px;--awb-background-color:var(--awb-custom_color_2);--awb-flex-wrap:wrap;\" ><div class=\"fusion-builder-row fusion-row fusion-flex-align-items-flex-start fusion-flex-justify-content-center fusion-flex-content-wrap\" style=\"max-width:1248px;margin-left: calc(-4% \/ 2 );margin-right: calc(-4% \/ 2 );\"><div class=\"fusion-layout-column fusion_builder_column fusion-builder-column-1 fusion_builder_column_3_4 3_4 fusion-flex-column\" style=\"--awb-bg-size:cover;--awb-width-large:75%;--awb-margin-top-large:0px;--awb-spacing-right-large:2.56%;--awb-margin-bottom-large:20px;--awb-spacing-left-large:2.56%;--awb-width-medium:75%;--awb-order-medium:0;--awb-spacing-right-medium:2.56%;--awb-spacing-left-medium:2.56%;--awb-width-small:100%;--awb-order-small:0;--awb-spacing-right-small:1.92%;--awb-spacing-left-small:1.92%;\"><div class=\"fusion-column-wrapper fusion-column-has-shadow fusion-flex-justify-content-flex-start fusion-content-layout-column\"><div class=\"fusion-text fusion-text-1\" style=\"--awb-text-color:var(--awb-color4);\"><p>Si tienes alg\u00fan problema o preguntas sobre nuestros addons, nuestro equipo de soporte est\u00e1 aqu\u00ed para ayudarte. Utilice el siguiente formulario para ponerse en contacto con nosotros con detalles sobre su problema o consulta. Ya sea que se trate de soluci\u00f3n de problemas, asistencia para la instalaci\u00f3n o asesoramiento general, nos comprometemos a brindarle el soporte que necesita para volver a crear. Su \u00e9xito con nuestras herramientas es nuestra prioridad, y nos esforzamos por responder lo m\u00e1s r\u00e1pido posible para garantizar que tenga una experiencia fluida con RBDLab, VDBLab y FluidLab. Si has comprado alguno de nuestros productos, tambi\u00e9n obtienes acceso a nuestro foro de Discord, donde puedes conectarte con la comunidad, compartir conocimientos y obtener consejos de otros usuarios.<\/p>\n<\/div><div class=\"fusion-form fusion-form-builder fusion-form-form-wrapper fusion-form-798 has-icon-alignment\" style=\"--awb-tooltip-text-color:#ffffff;--awb-tooltip-background-color:#333333;--awb-form-bg-color:var(--awb-custom_color_3);--awb-label-font-size:14px;--awb-form-placeholder-color:var(--awb-color2);--awb-form-text-color:var(--awb-custom_color_1);--awb-form-label-color:var(--awb-color4);--awb-form-border-width-top:0px;--awb-form-border-width-bottom:0px;--awb-form-border-width-right:0px;--awb-form-border-width-left:2px;--awb-form-border-color:var(--awb-custom_color_1);--awb-form-focus-border-color:var(--awb-color6);--awb-form-focus-border-hover-color:hsla(var(--awb-color6-h),var(--awb-color6-s),var(--awb-color6-l),calc(var(--awb-color6-a) - 50%));--awb-form-border-radius:0px;--awb-icon-alignment-top:0px;--awb-icon-alignment-bottom:0px;--awb-icon-alignment-font-size:1em;\" data-form-id=\"798\" data-config=\"{&quot;form_id&quot;:798,&quot;form_post_id&quot;:798,&quot;post_id&quot;:761,&quot;form_type&quot;:&quot;ajax&quot;,&quot;confirmation_type&quot;:&quot;message&quot;,&quot;redirect_url&quot;:&quot;&quot;,&quot;redirect_timeout&quot;:&quot;0&quot;,&quot;field_labels&quot;:{&quot;name&quot;:&quot;&quot;,&quot;em&quot;:&quot;&quot;,&quot;message&quot;:&quot;&quot;,&quot;consentimiento&quot;:&quot;&quot;},&quot;field_logics&quot;:{&quot;name&quot;:&quot;&quot;,&quot;em&quot;:&quot;&quot;,&quot;message&quot;:&quot;&quot;,&quot;consentimiento&quot;:&quot;&quot;,&quot;submit_1&quot;:&quot;&quot;,&quot;notice_1&quot;:&quot;&quot;},&quot;field_types&quot;:{&quot;name&quot;:&quot;text&quot;,&quot;em&quot;:&quot;email&quot;,&quot;message&quot;:&quot;textarea&quot;,&quot;consentimiento&quot;:&quot;checkbox&quot;,&quot;submit_1&quot;:&quot;submit&quot;,&quot;notice_1&quot;:&quot;notice&quot;},&quot;nonce_method&quot;:&quot;ajax&quot;,&quot;form_views&quot;:&quot;ajax&quot;,&quot;form_views_counting&quot;:&quot;all&quot;}\"><form action=\"https:\/\/b3fxstudios.com\/es\/soporte\/\" method=\"post\" class=\"fusion-form fusion-form-798\"><div class=\"fusion-fullwidth fullwidth-box fusion-builder-row-2-1 fusion-flex-container has-pattern-background has-mask-background nonhundred-percent-fullwidth non-hundred-percent-height-scrolling\" style=\"--awb-border-radius-top-left:0px;--awb-border-radius-top-right:0px;--awb-border-radius-bottom-right:0px;--awb-border-radius-bottom-left:0px;--awb-flex-wrap:wrap;\" ><div class=\"fusion-builder-row fusion-row fusion-flex-align-items-flex-start fusion-flex-content-wrap\" style=\"width:104% !important;max-width:104% !important;margin-left: calc(-4% \/ 2 );margin-right: calc(-4% \/ 2 );\"><div class=\"fusion-layout-column fusion_builder_column fusion-builder-column-2 fusion_builder_column_1_1 1_1 fusion-flex-column\" style=\"--awb-bg-size:cover;--awb-width-large:100%;--awb-flex-grow:0;--awb-flex-shrink:0;--awb-margin-top-large:0px;--awb-spacing-right-large:1.92%;--awb-margin-bottom-large:20px;--awb-spacing-left-large:1.92%;--awb-width-medium:100%;--awb-order-medium:0;--awb-flex-grow-medium:0;--awb-flex-shrink-medium:0;--awb-spacing-right-medium:1.92%;--awb-spacing-left-medium:1.92%;--awb-width-small:100%;--awb-order-small:0;--awb-flex-grow-small:0;--awb-flex-shrink-small:0;--awb-spacing-right-small:1.92%;--awb-spacing-left-small:1.92%;\"><div class=\"fusion-column-wrapper fusion-column-has-shadow fusion-flex-justify-content-flex-start fusion-content-layout-column\"><div class=\"fusion-form-field fusion-form-text-field fusion-form-label-above\" style=\"\" data-form-id=\"798\"><input type=\"text\" autocomplete=\"off\" name=\"name\" id=\"name\" value=\"\"  class=\"fusion-form-input\" placeholder=\"Nombre \" data-holds-private-data=\"false\" minlength=\"0\"\/><\/div><div class=\"fusion-form-field fusion-form-email-field fusion-form-label-above\" style=\"\" data-form-id=\"798\"><input type=\"email\" autocomplete=\"off\"  data-empty-notice=\"You must fill in this field\" name=\"em\" id=\"em\" value=\"\"  class=\"fusion-form-input\" required=\"true\" aria-required=\"true\" placeholder=\"Email *\" data-holds-private-data=\"false\"\/><\/div><div class=\"fusion-form-field fusion-form-textarea-field fusion-form-label-above\" style=\"\" data-form-id=\"798\"><textarea cols=\"40\" autocomplete=\"off\" data-empty-notice=\"You must fill in this field\"  minlength=\"0\"  rows=\"4\" tabindex=\"\" id=\"message\" name=\"message\" class=\"fusion-form-input\" required=\"true\" aria-required=\"true\" placeholder=\"Mensaje *\" data-holds-private-data=\"false\"><\/textarea><\/div><div class=\"fusion-form-field fusion-form-checkbox-field fusion-form-label-above\" style=\"\" data-form-id=\"798\"><fieldset><div class=\"fusion-form-checkbox\"><input data-empty-notice=\"You must check this box\" tabindex=\"\" id=\"checkbox-consentimiento-1-0\" type=\"checkbox\" value=\"Doy mi consentimiento para recopilar y procesar los datos enviados en este formulario\" name=\"consentimiento[]\" class=\"fusion-form-input\" required=\"true\" aria-required=\"true\" data-holds-private-data=\"false\"\/><label for=\"checkbox-consentimiento-1-0\">Doy mi consentimiento para recopilar y procesar los datos enviados en este formulario<\/label><\/div><\/fieldset><\/div><div class=\"fusion-form-field fusion-form-submit-field fusion-form-label-above\" style=\"\" data-form-id=\"798\"><div ><button type=\"submit\" class=\"fusion-button button-flat fusion-button-default-size button-default fusion-button-default button-1 fusion-button-default-span  button-default form-form-submit\" data-hover=\"bg_slide_left\" data-form-number=\"798\" tabindex=\"\"><span class=\"fusion-button-text awb-button__text awb-button__text--default\">Enviar<\/span><\/button><\/div><\/div><div class=\"form-submission-notices data-notice_1\" id=\"fusion-notices-1\" data-instance=\"1\"><div class=\"fusion-alert alert success alert-success fusion-alert-center fusion-form-response fusion-form-response-success awb-alert-native-link-color alert-dismissable awb-alert-close-boxed\" role=\"alert\"><div class=\"fusion-alert-content-wrapper\"><span class=\"alert-icon\"><i class=\"awb-icon-check-circle\" aria-hidden=\"true\"><\/i><\/span><span class=\"fusion-alert-content\">Gracias por tu mensaje. Responderemos lo antes posible.<\/span><\/div><button type=\"button\" class=\"close toggle-alert\" data-dismiss=\"alert\" aria-label=\"Close\">&times;<\/button><\/div><div class=\"fusion-alert alert error alert-danger fusion-alert-center fusion-form-response fusion-form-response-error awb-alert-native-link-color alert-dismissable awb-alert-close-boxed\" role=\"alert\"><div class=\"fusion-alert-content-wrapper\"><span class=\"alert-icon\"><i class=\"awb-icon-exclamation-triangle\" aria-hidden=\"true\"><\/i><\/span><span class=\"fusion-alert-content\">Ha habido un erro y el mensaje no se ha enviado. Por favor, int\u00e9ntalo de nuevo m\u00e1s tarde<\/span><\/div><button type=\"button\" class=\"close toggle-alert\" data-dismiss=\"alert\" aria-label=\"Close\">&times;<\/button><\/div><\/div><\/div><\/div><div class=\"fusion-layout-column fusion_builder_column fusion-builder-column-3 fusion_builder_column_1_1 1_1 fusion-flex-column\" style=\"--awb-bg-size:cover;--awb-width-large:100%;--awb-flex-grow:0;--awb-flex-shrink:0;--awb-margin-top-large:0px;--awb-spacing-right-large:1.92%;--awb-margin-bottom-large:20px;--awb-spacing-left-large:1.92%;--awb-width-medium:100%;--awb-order-medium:0;--awb-flex-grow-medium:0;--awb-flex-shrink-medium:0;--awb-spacing-right-medium:1.92%;--awb-spacing-left-medium:1.92%;--awb-width-small:100%;--awb-order-small:0;--awb-flex-grow-small:0;--awb-flex-shrink-small:0;--awb-spacing-right-small:1.92%;--awb-spacing-left-small:1.92%;\"><div class=\"fusion-column-wrapper fusion-column-has-shadow fusion-flex-justify-content-flex-start fusion-content-layout-column\"><div class=\"fusion-text fusion-text-2\" style=\"--awb-font-size:14px;--awb-text-color:var(--awb-color4);\"><p>B3FX Studios procesar\u00e1 tus datos personales para respoder a la consulta enviada en este formulario. Para m\u00e1s informaci\u00f3n y c\u00f3mo ejercer tus derechos, por favor, mira nuestra <a href=\"https:\/\/b3fxstudios.com\/es\/politica-de-privacidad\/\">pol\u00edtica de privacidad<\/a>. <\/p>\n<\/div>\n\n<div class=\"argpd-informar\">\n\t<p class=\"argpd-informar-title\">Informaci\u00f3n b\u00e1sica sobre protecci\u00f3n de datos <span class=\"argpd-mas\">Ver m\u00e1s<\/span><\/p>\n\t<ul>\n\t\t<li>\n\t\t\t<b>Responsable:<\/b>&nbsp;B3FX Studios, S.L.\n\t\t<\/li>\n\t\t<li><b>Finalidad:<\/b>&nbsp;\n\t\t\t\n\t\t\t\t Responder las consultas. \n\t\t\t\t\n\t\t<\/li>\n\t\t<li><b>Legitimaci\u00f3n:<\/b>&nbsp;\n\t\t\t\n\t\t\t\tPor consentimiento del interesado.<\/li>\n\n\t\t<li><b>Destinatarios y encargados de tratamiento:<\/b>&nbsp;\n\n\t\t\t\tNo se ceden o comunican datos a terceros para prestar este servicio.\n\t\t<\/li>\n\t\t<li>\n\t\t\t<b>Derechos:<\/b>&nbsp;Acceder, rectificar y suprimir los datos.\n\t\t<\/li>\n\t<\/ul>\n<\/div>\n<\/div><\/div><\/div><\/div><input type=\"hidden\" name=\"fusion_privacy_expiration_interval\" value=\"48\"><input type=\"hidden\" name=\"privacy_expiration_action\" value=\"anonymize\"><\/form><\/div><\/div><\/div><\/div><\/div><\/p>\n","protected":false},"excerpt":{"rendered":"","protected":false},"author":1,"featured_media":0,"parent":0,"menu_order":9,"comment_status":"closed","ping_status":"closed","template":"100-width.php","meta":{"footnotes":""},"class_list":["post-761","page","type-page","status-publish","hentry"],"yoast_head":"<!-- This site is optimized with the Yoast SEO plugin v27.3 - https:\/\/yoast.com\/product\/yoast-seo-wordpress\/ -->\n<title>Estamos en contacto - Soporte de B3FX Studios para addons de Blender<\/title>\n<meta name=\"description\" content=\"Obtenga soporte para complementos de B3FX Studios como RBDLab, FluidLab y VDBLab. Visite nuestra p\u00e1gina de soporte para obtener ayuda y solucionar problemas.\" \/>\n<meta name=\"robots\" content=\"index, follow, max-snippet:-1, max-image-preview:large, max-video-preview:-1\" \/>\n<link rel=\"canonical\" href=\"https:\/\/b3fxstudios.com\/es\/soporte\/\" \/>\n<meta property=\"og:locale\" content=\"es_ES\" \/>\n<meta property=\"og:type\" content=\"article\" \/>\n<meta property=\"og:title\" content=\"Estamos en contacto - Soporte de B3FX Studios para addons de Blender\" \/>\n<meta property=\"og:description\" content=\"Obtenga soporte para complementos de B3FX Studios como RBDLab, FluidLab y VDBLab. Visite nuestra p\u00e1gina de soporte para obtener ayuda y solucionar problemas.\" \/>\n<meta property=\"og:url\" content=\"https:\/\/b3fxstudios.com\/es\/soporte\/\" \/>\n<meta property=\"og:site_name\" content=\"B3FX Studios\" \/>\n<meta property=\"article:modified_time\" content=\"2024-10-25T11:34:00+00:00\" \/>\n<meta name=\"twitter:card\" content=\"summary_large_image\" \/>\n<meta name=\"twitter:label1\" content=\"Tiempo de lectura\" \/>\n\t<meta name=\"twitter:data1\" content=\"8 minutos\" \/>\n<script type=\"application\/ld+json\" class=\"yoast-schema-graph\">{\"@context\":\"https:\\\/\\\/schema.org\",\"@graph\":[{\"@type\":\"WebPage\",\"@id\":\"https:\\\/\\\/b3fxstudios.com\\\/es\\\/soporte\\\/\",\"url\":\"https:\\\/\\\/b3fxstudios.com\\\/es\\\/soporte\\\/\",\"name\":\"Estamos en contacto - Soporte de B3FX Studios para addons de Blender\",\"isPartOf\":{\"@id\":\"https:\\\/\\\/b3fxstudios.com\\\/es\\\/#website\"},\"datePublished\":\"2024-03-14T09:37:35+00:00\",\"dateModified\":\"2024-10-25T11:34:00+00:00\",\"description\":\"Obtenga soporte para complementos de B3FX Studios como RBDLab, FluidLab y VDBLab. Visite nuestra p\u00e1gina de soporte para obtener ayuda y solucionar problemas.\",\"inLanguage\":\"es\",\"potentialAction\":[{\"@type\":\"ReadAction\",\"target\":[\"https:\\\/\\\/b3fxstudios.com\\\/es\\\/soporte\\\/\"]}]},{\"@type\":\"WebSite\",\"@id\":\"https:\\\/\\\/b3fxstudios.com\\\/es\\\/#website\",\"url\":\"https:\\\/\\\/b3fxstudios.com\\\/es\\\/\",\"name\":\"B3FX Studios\",\"description\":\"\",\"publisher\":{\"@id\":\"https:\\\/\\\/b3fxstudios.com\\\/es\\\/#organization\"},\"potentialAction\":[{\"@type\":\"SearchAction\",\"target\":{\"@type\":\"EntryPoint\",\"urlTemplate\":\"https:\\\/\\\/b3fxstudios.com\\\/es\\\/?s={search_term_string}\"},\"query-input\":{\"@type\":\"PropertyValueSpecification\",\"valueRequired\":true,\"valueName\":\"search_term_string\"}}],\"inLanguage\":\"es\"},{\"@type\":\"Organization\",\"@id\":\"https:\\\/\\\/b3fxstudios.com\\\/es\\\/#organization\",\"name\":\"B3FX Studios\",\"url\":\"https:\\\/\\\/b3fxstudios.com\\\/es\\\/\",\"logo\":{\"@type\":\"ImageObject\",\"inLanguage\":\"es\",\"@id\":\"https:\\\/\\\/b3fxstudios.com\\\/es\\\/#\\\/schema\\\/logo\\\/image\\\/\",\"url\":\"https:\\\/\\\/b3fxstudios.com\\\/wp-content\\\/uploads\\\/2024\\\/10\\\/b3fx-logo-color.png\",\"contentUrl\":\"https:\\\/\\\/b3fxstudios.com\\\/wp-content\\\/uploads\\\/2024\\\/10\\\/b3fx-logo-color.png\",\"width\":1637,\"height\":655,\"caption\":\"B3FX Studios\"},\"image\":{\"@id\":\"https:\\\/\\\/b3fxstudios.com\\\/es\\\/#\\\/schema\\\/logo\\\/image\\\/\"},\"sameAs\":[\"https:\\\/\\\/www.youtube.com\\\/@b3fxstudios\",\"https:\\\/\\\/www.instagram.com\\\/rbdlabstudio\\\/\"]}]}<\/script>\n<!-- \/ Yoast SEO plugin. -->","yoast_head_json":{"title":"Estamos en contacto - Soporte de B3FX Studios para addons de Blender","description":"Obtenga soporte para complementos de B3FX Studios como RBDLab, FluidLab y VDBLab. Visite nuestra p\u00e1gina de soporte para obtener ayuda y solucionar problemas.","robots":{"index":"index","follow":"follow","max-snippet":"max-snippet:-1","max-image-preview":"max-image-preview:large","max-video-preview":"max-video-preview:-1"},"canonical":"https:\/\/b3fxstudios.com\/es\/soporte\/","og_locale":"es_ES","og_type":"article","og_title":"Estamos en contacto - Soporte de B3FX Studios para addons de Blender","og_description":"Obtenga soporte para complementos de B3FX Studios como RBDLab, FluidLab y VDBLab. Visite nuestra p\u00e1gina de soporte para obtener ayuda y solucionar problemas.","og_url":"https:\/\/b3fxstudios.com\/es\/soporte\/","og_site_name":"B3FX Studios","article_modified_time":"2024-10-25T11:34:00+00:00","twitter_card":"summary_large_image","twitter_misc":{"Tiempo de lectura":"8 minutos"},"schema":{"@context":"https:\/\/schema.org","@graph":[{"@type":"WebPage","@id":"https:\/\/b3fxstudios.com\/es\/soporte\/","url":"https:\/\/b3fxstudios.com\/es\/soporte\/","name":"Estamos en contacto - Soporte de B3FX Studios para addons de Blender","isPartOf":{"@id":"https:\/\/b3fxstudios.com\/es\/#website"},"datePublished":"2024-03-14T09:37:35+00:00","dateModified":"2024-10-25T11:34:00+00:00","description":"Obtenga soporte para complementos de B3FX Studios como RBDLab, FluidLab y VDBLab. Visite nuestra p\u00e1gina de soporte para obtener ayuda y solucionar problemas.","inLanguage":"es","potentialAction":[{"@type":"ReadAction","target":["https:\/\/b3fxstudios.com\/es\/soporte\/"]}]},{"@type":"WebSite","@id":"https:\/\/b3fxstudios.com\/es\/#website","url":"https:\/\/b3fxstudios.com\/es\/","name":"B3FX Studios","description":"","publisher":{"@id":"https:\/\/b3fxstudios.com\/es\/#organization"},"potentialAction":[{"@type":"SearchAction","target":{"@type":"EntryPoint","urlTemplate":"https:\/\/b3fxstudios.com\/es\/?s={search_term_string}"},"query-input":{"@type":"PropertyValueSpecification","valueRequired":true,"valueName":"search_term_string"}}],"inLanguage":"es"},{"@type":"Organization","@id":"https:\/\/b3fxstudios.com\/es\/#organization","name":"B3FX Studios","url":"https:\/\/b3fxstudios.com\/es\/","logo":{"@type":"ImageObject","inLanguage":"es","@id":"https:\/\/b3fxstudios.com\/es\/#\/schema\/logo\/image\/","url":"https:\/\/b3fxstudios.com\/wp-content\/uploads\/2024\/10\/b3fx-logo-color.png","contentUrl":"https:\/\/b3fxstudios.com\/wp-content\/uploads\/2024\/10\/b3fx-logo-color.png","width":1637,"height":655,"caption":"B3FX Studios"},"image":{"@id":"https:\/\/b3fxstudios.com\/es\/#\/schema\/logo\/image\/"},"sameAs":["https:\/\/www.youtube.com\/@b3fxstudios","https:\/\/www.instagram.com\/rbdlabstudio\/"]}]}},"_links":{"self":[{"href":"https:\/\/b3fxstudios.com\/es\/wp-json\/wp\/v2\/pages\/761","targetHints":{"allow":["GET"]}}],"collection":[{"href":"https:\/\/b3fxstudios.com\/es\/wp-json\/wp\/v2\/pages"}],"about":[{"href":"https:\/\/b3fxstudios.com\/es\/wp-json\/wp\/v2\/types\/page"}],"author":[{"embeddable":true,"href":"https:\/\/b3fxstudios.com\/es\/wp-json\/wp\/v2\/users\/1"}],"replies":[{"embeddable":true,"href":"https:\/\/b3fxstudios.com\/es\/wp-json\/wp\/v2\/comments?post=761"}],"version-history":[{"count":2,"href":"https:\/\/b3fxstudios.com\/es\/wp-json\/wp\/v2\/pages\/761\/revisions"}],"predecessor-version":[{"id":763,"href":"https:\/\/b3fxstudios.com\/es\/wp-json\/wp\/v2\/pages\/761\/revisions\/763"}],"wp:attachment":[{"href":"https:\/\/b3fxstudios.com\/es\/wp-json\/wp\/v2\/media?parent=761"}],"curies":[{"name":"wp","href":"https:\/\/api.w.org\/{rel}","templated":true}]}}