{"id":743,"date":"2024-08-13T08:45:59","date_gmt":"2024-08-13T06:45:59","guid":{"rendered":"https:\/\/b3fxstudios.com\/sobre-nosotros\/"},"modified":"2024-10-25T13:28:28","modified_gmt":"2024-10-25T11:28:28","slug":"sobre-nosotros","status":"publish","type":"page","link":"https:\/\/b3fxstudios.com\/es\/sobre-nosotros\/","title":{"rendered":"Sobre nosotros"},"content":{"rendered":"<p><div class=\"fusion-fullwidth fullwidth-box fusion-builder-row-1 fusion-flex-container has-pattern-background has-mask-background fusion-parallax-none nonhundred-percent-fullwidth non-hundred-percent-height-scrolling\" style=\"--awb-border-radius-top-left:0px;--awb-border-radius-top-right:0px;--awb-border-radius-bottom-right:0px;--awb-border-radius-bottom-left:0px;--awb-padding-top:150px;--awb-padding-bottom:0px;--awb-background-image:url(&quot;https:\/\/b3fxstudios.com\/wp-content\/uploads\/2024\/08\/hero-1.jpg&quot;);--awb-background-size:cover;--awb-flex-wrap:wrap;\" ><div class=\"fusion-builder-row fusion-row fusion-flex-align-items-flex-start fusion-flex-align-content-space-between fusion-flex-justify-content-center fusion-flex-content-wrap\" style=\"max-width:1248px;margin-left: calc(-4% \/ 2 );margin-right: calc(-4% \/ 2 );\"><div class=\"fusion-layout-column fusion_builder_column fusion-builder-column-0 fusion_builder_column_1_1 1_1 fusion-flex-column\" style=\"--awb-bg-size:cover;--awb-width-large:100%;--awb-margin-top-large:0px;--awb-spacing-right-large:1.92%;--awb-margin-bottom-large:0px;--awb-spacing-left-large:1.92%;--awb-width-medium:100%;--awb-order-medium:0;--awb-spacing-right-medium:1.92%;--awb-spacing-left-medium:1.92%;--awb-width-small:100%;--awb-order-small:0;--awb-spacing-right-small:1.92%;--awb-spacing-left-small:1.92%;\"><div class=\"fusion-column-wrapper fusion-column-has-shadow fusion-flex-justify-content-flex-start fusion-content-layout-column\"><div class=\"fusion-title title fusion-title-1 fusion-sep-none fusion-title-center fusion-title-text fusion-title-size-two\" style=\"--awb-text-color:var(--awb-custom_color_1);--awb-margin-bottom:0px;--awb-margin-top-small:10px;--awb-margin-right-small:0px;--awb-margin-bottom-small:10px;--awb-margin-left-small:0px;--awb-font-size:20px;\"><h2 class=\"fusion-title-heading title-heading-center fusion-responsive-typography-calculated\" style=\"margin:0;text-transform:uppercase;font-size:1em;--fontSize:20;line-height:var(--awb-typography1-line-height);\">B3FX Studios<\/h2><\/div><div class=\"fusion-title title fusion-title-2 fusion-sep-none fusion-title-center fusion-title-text fusion-title-size-one\" style=\"--awb-text-color:var(--awb-custom_color_1);--awb-margin-top:0px;--awb-margin-top-small:10px;--awb-margin-right-small:0px;--awb-margin-bottom-small:10px;--awb-margin-left-small:0px;\"><h1 class=\"fusion-title-heading title-heading-center fusion-responsive-typography-calculated\" style=\"margin:0;text-transform:uppercase;--fontSize:64;line-height:var(--awb-typography1-line-height);\">Sobre nosotros<\/h1><\/div><div class=\"fusion-image-element \" style=\"text-align:center;--awb-margin-bottom:-7px;--awb-max-width:200px;--awb-caption-title-font-family:var(--h2_typography-font-family);--awb-caption-title-font-weight:var(--h2_typography-font-weight);--awb-caption-title-font-style:var(--h2_typography-font-style);--awb-caption-title-size:var(--h2_typography-font-size);--awb-caption-title-transform:var(--h2_typography-text-transform);--awb-caption-title-line-height:var(--h2_typography-line-height);--awb-caption-title-letter-spacing:var(--h2_typography-letter-spacing);\"><span class=\" fusion-imageframe imageframe-none imageframe-1 hover-type-none\"><img decoding=\"async\" width=\"300\" height=\"24\" title=\"separator\" src=\"https:\/\/b3fxstudios.com\/wp-content\/uploads\/2024\/08\/separator.png\" alt class=\"img-responsive wp-image-668\" srcset=\"https:\/\/b3fxstudios.com\/wp-content\/uploads\/2024\/08\/separator-200x16.png 200w, https:\/\/b3fxstudios.com\/wp-content\/uploads\/2024\/08\/separator.png 300w\" sizes=\"(max-width: 640px) 100vw, 300px\" \/><\/span><\/div><\/div><\/div><\/div><\/div><div class=\"fusion-fullwidth fullwidth-box fusion-builder-row-2 fusion-flex-container has-pattern-background has-mask-background nonhundred-percent-fullwidth non-hundred-percent-height-scrolling\" style=\"--awb-border-radius-top-left:0px;--awb-border-radius-top-right:0px;--awb-border-radius-bottom-right:0px;--awb-border-radius-bottom-left:0px;--awb-padding-top:50px;--awb-padding-bottom:100px;--awb-flex-wrap:wrap;\" ><div class=\"fusion-builder-row fusion-row fusion-flex-align-items-flex-start fusion-flex-justify-content-center fusion-flex-content-wrap\" style=\"max-width:1248px;margin-left: calc(-4% \/ 2 );margin-right: calc(-4% \/ 2 );\"><div class=\"fusion-layout-column fusion_builder_column fusion-builder-column-1 fusion_builder_column_3_4 3_4 fusion-flex-column\" style=\"--awb-bg-size:cover;--awb-width-large:75%;--awb-margin-top-large:0px;--awb-spacing-right-large:2.56%;--awb-margin-bottom-large:20px;--awb-spacing-left-large:2.56%;--awb-width-medium:75%;--awb-order-medium:0;--awb-spacing-right-medium:2.56%;--awb-spacing-left-medium:2.56%;--awb-width-small:100%;--awb-order-small:0;--awb-spacing-right-small:1.92%;--awb-spacing-left-small:1.92%;\"><div class=\"fusion-column-wrapper fusion-column-has-shadow fusion-flex-justify-content-flex-start fusion-content-layout-column\"><div class=\"fusion-text fusion-text-1\"><p>B3FX Studios naci\u00f3 como un hobby entre dos amigos. Comenzaron a desarrollar RBDLab para optimizar su flujo de trabajo con Rigidbodies en Blender. Al finalizar la herramienta, reconocieron su potencial y decidieron mejorarla y comercializarla. El \u00e9xito de este primer producto los motiv\u00f3 a seguir trabajando en \u00e9l, lanzando al menos dos actualizaciones importantes anualmente.   <\/p>\n<p>M\u00e1s tarde, comenzaron a desarrollar m\u00e1s herramientas de VFX, como VDBLab, una herramienta para optimizar el flujo de trabajo para crear explosiones en Blender, y luego FluidLab, un complemento para crear fluidos de todo tipo, incluida la arena.<\/p>\n<\/div><\/div><\/div><div class=\"fusion-layout-column fusion_builder_column fusion-builder-column-2 fusion_builder_column_1_1 1_1 fusion-flex-column\" style=\"--awb-bg-size:cover;--awb-width-large:100%;--awb-margin-top-large:0px;--awb-spacing-right-large:1.92%;--awb-margin-bottom-large:20px;--awb-spacing-left-large:1.92%;--awb-width-medium:100%;--awb-order-medium:0;--awb-spacing-right-medium:1.92%;--awb-spacing-left-medium:1.92%;--awb-width-small:100%;--awb-order-small:0;--awb-spacing-right-small:1.92%;--awb-spacing-left-small:1.92%;\"><div class=\"fusion-column-wrapper fusion-column-has-shadow fusion-flex-justify-content-flex-start fusion-content-layout-column\"><div class=\"fusion-title title fusion-title-3 fusion-sep-none fusion-title-center fusion-title-text fusion-title-size-three\" style=\"--awb-margin-top-small:10px;--awb-margin-right-small:0px;--awb-margin-bottom-small:10px;--awb-margin-left-small:0px;\"><h3 class=\"fusion-title-heading title-heading-center fusion-responsive-typography-calculated\" style=\"margin:0;text-transform:uppercase;--fontSize:32;line-height:var(--awb-typography1-line-height);\">Detr\u00e1s de B3FX Studios<\/h3><\/div><\/div><\/div><div class=\"fusion-layout-column fusion_builder_column fusion-builder-column-3 fusion_builder_column_1_3 1_3 fusion-flex-column\" style=\"--awb-bg-size:cover;--awb-width-large:33.333333333333%;--awb-margin-top-large:0px;--awb-spacing-right-large:5.76%;--awb-margin-bottom-large:20px;--awb-spacing-left-large:5.76%;--awb-width-medium:33.333333333333%;--awb-order-medium:0;--awb-spacing-right-medium:5.76%;--awb-spacing-left-medium:5.76%;--awb-width-small:100%;--awb-order-small:0;--awb-spacing-right-small:1.92%;--awb-spacing-left-small:1.92%;\"><div class=\"fusion-column-wrapper fusion-column-has-shadow fusion-flex-justify-content-flex-start fusion-content-layout-column\"><div class=\"fusion-image-element \" style=\"text-align:center;--awb-caption-title-font-family:var(--h2_typography-font-family);--awb-caption-title-font-weight:var(--h2_typography-font-weight);--awb-caption-title-font-style:var(--h2_typography-font-style);--awb-caption-title-size:var(--h2_typography-font-size);--awb-caption-title-transform:var(--h2_typography-text-transform);--awb-caption-title-line-height:var(--h2_typography-line-height);--awb-caption-title-letter-spacing:var(--h2_typography-letter-spacing);\"><span class=\" fusion-imageframe imageframe-none imageframe-2 hover-type-none\"><img decoding=\"async\" width=\"800\" height=\"800\" title=\"Tebitosan. Esteban Gim\u00e9nez-Vega Ferramola\" src=\"https:\/\/b3fxstudios.com\/wp-content\/uploads\/2024\/10\/tebitosan-esteban-gimenez-vega-ferramola-1.jpg\" alt class=\"img-responsive wp-image-730\" srcset=\"https:\/\/b3fxstudios.com\/wp-content\/uploads\/2024\/10\/tebitosan-esteban-gimenez-vega-ferramola-1-200x200.jpg 200w, https:\/\/b3fxstudios.com\/wp-content\/uploads\/2024\/10\/tebitosan-esteban-gimenez-vega-ferramola-1-400x400.jpg 400w, https:\/\/b3fxstudios.com\/wp-content\/uploads\/2024\/10\/tebitosan-esteban-gimenez-vega-ferramola-1-600x600.jpg 600w, https:\/\/b3fxstudios.com\/wp-content\/uploads\/2024\/10\/tebitosan-esteban-gimenez-vega-ferramola-1.jpg 800w\" sizes=\"(max-width: 640px) 100vw, 400px\" \/><\/span><\/div><div class=\"fusion-title title fusion-title-4 fusion-sep-none fusion-title-center fusion-title-text fusion-title-size-three\" style=\"--awb-margin-top:20px;--awb-margin-bottom:0px;--awb-margin-top-small:10px;--awb-margin-right-small:0px;--awb-margin-bottom-small:10px;--awb-margin-left-small:0px;--awb-font-size:20px;\"><h3 class=\"fusion-title-heading title-heading-center fusion-responsive-typography-calculated\" style=\"margin:0;text-transform:uppercase;font-size:1em;--fontSize:20;line-height:var(--awb-typography1-line-height);\">Tebitosan<\/h3><\/div><div class=\"fusion-title title fusion-title-5 fusion-sep-none fusion-title-center fusion-title-text fusion-title-size-four\" style=\"--awb-text-color:var(--awb-color5);--awb-margin-bottom:5px;--awb-margin-top-small:10px;--awb-margin-right-small:0px;--awb-margin-bottom-small:10px;--awb-margin-left-small:0px;--awb-font-size:16px;\"><h4 class=\"fusion-title-heading title-heading-center fusion-responsive-typography-calculated\" style=\"margin:0;font-size:1em;--fontSize:16;--minFontSize:16;line-height:var(--awb-typography1-line-height);\">Esteban Gim\u00e9nez-Vega Ferramola<\/h4><\/div><div class=\"fusion-text fusion-text-2 fusion-text-no-margin\" style=\"--awb-content-alignment:center;--awb-margin-bottom:10px;\"><p>Director ejecutivo de B3FX Studios<\/p>\n<\/div><\/div><\/div><div class=\"fusion-layout-column fusion_builder_column fusion-builder-column-4 fusion_builder_column_1_3 1_3 fusion-flex-column\" style=\"--awb-bg-size:cover;--awb-width-large:33.333333333333%;--awb-margin-top-large:0px;--awb-spacing-right-large:5.76%;--awb-margin-bottom-large:20px;--awb-spacing-left-large:5.76%;--awb-width-medium:33.333333333333%;--awb-order-medium:0;--awb-spacing-right-medium:5.76%;--awb-spacing-left-medium:5.76%;--awb-width-small:100%;--awb-order-small:0;--awb-spacing-right-small:1.92%;--awb-spacing-left-small:1.92%;\"><div class=\"fusion-column-wrapper fusion-column-has-shadow fusion-flex-justify-content-flex-start fusion-content-layout-column\"><div class=\"fusion-image-element \" style=\"text-align:center;--awb-caption-title-font-family:var(--h2_typography-font-family);--awb-caption-title-font-weight:var(--h2_typography-font-weight);--awb-caption-title-font-style:var(--h2_typography-font-style);--awb-caption-title-size:var(--h2_typography-font-size);--awb-caption-title-transform:var(--h2_typography-text-transform);--awb-caption-title-line-height:var(--h2_typography-line-height);--awb-caption-title-letter-spacing:var(--h2_typography-letter-spacing);\"><span class=\" fusion-imageframe imageframe-none imageframe-3 hover-type-none\"><img decoding=\"async\" width=\"400\" height=\"400\" alt=\"Zebus 3d. Jorge Hern\u00e1ndez Mel\u00e9ndez \" title=\"Zebus 3d. Jorge Hern\u00e1ndez Mel\u00e9ndez\" src=\"https:\/\/b3fxstudios.com\/wp-content\/uploads\/2024\/10\/zebus-3d-jorge-hernandez-melendez.jpeg\" class=\"img-responsive wp-image-731\" srcset=\"https:\/\/b3fxstudios.com\/wp-content\/uploads\/2024\/10\/zebus-3d-jorge-hernandez-melendez-200x200.jpeg 200w, https:\/\/b3fxstudios.com\/wp-content\/uploads\/2024\/10\/zebus-3d-jorge-hernandez-melendez.jpeg 400w\" sizes=\"(max-width: 640px) 100vw, 400px\" \/><\/span><\/div><div class=\"fusion-title title fusion-title-6 fusion-sep-none fusion-title-center fusion-title-text fusion-title-size-three\" style=\"--awb-margin-top:20px;--awb-margin-bottom:0px;--awb-margin-top-small:10px;--awb-margin-right-small:0px;--awb-margin-bottom-small:10px;--awb-margin-left-small:0px;--awb-font-size:20px;\"><h3 class=\"fusion-title-heading title-heading-center fusion-responsive-typography-calculated\" style=\"margin:0;text-transform:uppercase;font-size:1em;--fontSize:20;line-height:var(--awb-typography1-line-height);\">Zebus3D<\/h3><\/div><div class=\"fusion-title title fusion-title-7 fusion-sep-none fusion-title-center fusion-title-text fusion-title-size-four\" style=\"--awb-text-color:var(--awb-color5);--awb-margin-bottom:5px;--awb-margin-top-small:10px;--awb-margin-right-small:0px;--awb-margin-bottom-small:10px;--awb-margin-left-small:0px;--awb-font-size:16px;\"><h4 class=\"fusion-title-heading title-heading-center fusion-responsive-typography-calculated\" style=\"margin:0;font-size:1em;--fontSize:16;--minFontSize:16;line-height:var(--awb-typography1-line-height);\">Jorge Hern\u00e1ndez-Mel\u00e9ndez<\/h4><\/div><div class=\"fusion-text fusion-text-3 fusion-text-no-margin\" style=\"--awb-content-alignment:center;--awb-margin-bottom:10px;\"><p>Director ejecutivo de B3FX Studios<\/p>\n<\/div><\/div><\/div><\/div><\/div><\/p>\n","protected":false},"excerpt":{"rendered":"","protected":false},"author":3,"featured_media":0,"parent":0,"menu_order":2,"comment_status":"closed","ping_status":"closed","template":"100-width.php","meta":{"footnotes":""},"class_list":["post-743","page","type-page","status-publish","hentry"],"yoast_head":"<!-- This site is optimized with the Yoast SEO plugin v27.2 - https:\/\/yoast.com\/product\/yoast-seo-wordpress\/ -->\n<title>Sobre nosotros. Conoce a la gente detr\u00e1s de B3FX Studios<\/title>\n<meta name=\"description\" content=\"Ten m\u00e1s informaci\u00f3n sobre nosotros, c\u00f3mo comenz\u00f3 todo con RBDLab y conoce a las gente detr\u00e1s de B3FX Studios. \u00a1Con\u00f3cenos!\" \/>\n<meta name=\"robots\" content=\"index, follow, max-snippet:-1, max-image-preview:large, max-video-preview:-1\" \/>\n<link rel=\"canonical\" href=\"https:\/\/b3fxstudios.com\/es\/sobre-nosotros\/\" \/>\n<meta property=\"og:locale\" content=\"es_ES\" \/>\n<meta property=\"og:type\" content=\"article\" \/>\n<meta property=\"og:title\" content=\"Sobre nosotros. Conoce a la gente detr\u00e1s de B3FX Studios\" \/>\n<meta property=\"og:description\" content=\"Ten m\u00e1s informaci\u00f3n sobre nosotros, c\u00f3mo comenz\u00f3 todo con RBDLab y conoce a las gente detr\u00e1s de B3FX Studios. \u00a1Con\u00f3cenos!\" \/>\n<meta property=\"og:url\" content=\"https:\/\/b3fxstudios.com\/es\/sobre-nosotros\/\" \/>\n<meta property=\"og:site_name\" content=\"B3FX Studios\" \/>\n<meta property=\"article:modified_time\" content=\"2024-10-25T11:28:28+00:00\" \/>\n<meta name=\"twitter:card\" content=\"summary_large_image\" \/>\n<meta name=\"twitter:label1\" content=\"Tiempo de lectura\" \/>\n\t<meta name=\"twitter:data1\" content=\"32 minutos\" \/>\n<script type=\"application\/ld+json\" class=\"yoast-schema-graph\">{\"@context\":\"https:\/\/schema.org\",\"@graph\":[{\"@type\":\"WebPage\",\"@id\":\"https:\/\/b3fxstudios.com\/es\/sobre-nosotros\/\",\"url\":\"https:\/\/b3fxstudios.com\/es\/sobre-nosotros\/\",\"name\":\"Sobre nosotros. Conoce a la gente detr\u00e1s de B3FX Studios\",\"isPartOf\":{\"@id\":\"https:\/\/b3fxstudios.com\/es\/#website\"},\"datePublished\":\"2024-08-13T06:45:59+00:00\",\"dateModified\":\"2024-10-25T11:28:28+00:00\",\"description\":\"Ten m\u00e1s informaci\u00f3n sobre nosotros, c\u00f3mo comenz\u00f3 todo con RBDLab y conoce a las gente detr\u00e1s de B3FX Studios. \u00a1Con\u00f3cenos!\",\"inLanguage\":\"es\",\"potentialAction\":[{\"@type\":\"ReadAction\",\"target\":[\"https:\/\/b3fxstudios.com\/es\/sobre-nosotros\/\"]}]},{\"@type\":\"WebSite\",\"@id\":\"https:\/\/b3fxstudios.com\/es\/#website\",\"url\":\"https:\/\/b3fxstudios.com\/es\/\",\"name\":\"B3FX Studios\",\"description\":\"\",\"publisher\":{\"@id\":\"https:\/\/b3fxstudios.com\/es\/#organization\"},\"potentialAction\":[{\"@type\":\"SearchAction\",\"target\":{\"@type\":\"EntryPoint\",\"urlTemplate\":\"https:\/\/b3fxstudios.com\/es\/?s={search_term_string}\"},\"query-input\":{\"@type\":\"PropertyValueSpecification\",\"valueRequired\":true,\"valueName\":\"search_term_string\"}}],\"inLanguage\":\"es\"},{\"@type\":\"Organization\",\"@id\":\"https:\/\/b3fxstudios.com\/es\/#organization\",\"name\":\"B3FX Studios\",\"url\":\"https:\/\/b3fxstudios.com\/es\/\",\"logo\":{\"@type\":\"ImageObject\",\"inLanguage\":\"es\",\"@id\":\"https:\/\/b3fxstudios.com\/es\/#\/schema\/logo\/image\/\",\"url\":\"https:\/\/b3fxstudios.com\/wp-content\/uploads\/2024\/10\/b3fx-logo-color.png\",\"contentUrl\":\"https:\/\/b3fxstudios.com\/wp-content\/uploads\/2024\/10\/b3fx-logo-color.png\",\"width\":1637,\"height\":655,\"caption\":\"B3FX Studios\"},\"image\":{\"@id\":\"https:\/\/b3fxstudios.com\/es\/#\/schema\/logo\/image\/\"},\"sameAs\":[\"https:\/\/www.youtube.com\/@b3fxstudios\",\"https:\/\/www.instagram.com\/rbdlabstudio\/\"]}]}<\/script>\n<!-- \/ Yoast SEO plugin. -->","yoast_head_json":{"title":"Sobre nosotros. Conoce a la gente detr\u00e1s de B3FX Studios","description":"Ten m\u00e1s informaci\u00f3n sobre nosotros, c\u00f3mo comenz\u00f3 todo con RBDLab y conoce a las gente detr\u00e1s de B3FX Studios. \u00a1Con\u00f3cenos!","robots":{"index":"index","follow":"follow","max-snippet":"max-snippet:-1","max-image-preview":"max-image-preview:large","max-video-preview":"max-video-preview:-1"},"canonical":"https:\/\/b3fxstudios.com\/es\/sobre-nosotros\/","og_locale":"es_ES","og_type":"article","og_title":"Sobre nosotros. Conoce a la gente detr\u00e1s de B3FX Studios","og_description":"Ten m\u00e1s informaci\u00f3n sobre nosotros, c\u00f3mo comenz\u00f3 todo con RBDLab y conoce a las gente detr\u00e1s de B3FX Studios. \u00a1Con\u00f3cenos!","og_url":"https:\/\/b3fxstudios.com\/es\/sobre-nosotros\/","og_site_name":"B3FX Studios","article_modified_time":"2024-10-25T11:28:28+00:00","twitter_card":"summary_large_image","twitter_misc":{"Tiempo de lectura":"32 minutos"},"schema":{"@context":"https:\/\/schema.org","@graph":[{"@type":"WebPage","@id":"https:\/\/b3fxstudios.com\/es\/sobre-nosotros\/","url":"https:\/\/b3fxstudios.com\/es\/sobre-nosotros\/","name":"Sobre nosotros. Conoce a la gente detr\u00e1s de B3FX Studios","isPartOf":{"@id":"https:\/\/b3fxstudios.com\/es\/#website"},"datePublished":"2024-08-13T06:45:59+00:00","dateModified":"2024-10-25T11:28:28+00:00","description":"Ten m\u00e1s informaci\u00f3n sobre nosotros, c\u00f3mo comenz\u00f3 todo con RBDLab y conoce a las gente detr\u00e1s de B3FX Studios. \u00a1Con\u00f3cenos!","inLanguage":"es","potentialAction":[{"@type":"ReadAction","target":["https:\/\/b3fxstudios.com\/es\/sobre-nosotros\/"]}]},{"@type":"WebSite","@id":"https:\/\/b3fxstudios.com\/es\/#website","url":"https:\/\/b3fxstudios.com\/es\/","name":"B3FX Studios","description":"","publisher":{"@id":"https:\/\/b3fxstudios.com\/es\/#organization"},"potentialAction":[{"@type":"SearchAction","target":{"@type":"EntryPoint","urlTemplate":"https:\/\/b3fxstudios.com\/es\/?s={search_term_string}"},"query-input":{"@type":"PropertyValueSpecification","valueRequired":true,"valueName":"search_term_string"}}],"inLanguage":"es"},{"@type":"Organization","@id":"https:\/\/b3fxstudios.com\/es\/#organization","name":"B3FX Studios","url":"https:\/\/b3fxstudios.com\/es\/","logo":{"@type":"ImageObject","inLanguage":"es","@id":"https:\/\/b3fxstudios.com\/es\/#\/schema\/logo\/image\/","url":"https:\/\/b3fxstudios.com\/wp-content\/uploads\/2024\/10\/b3fx-logo-color.png","contentUrl":"https:\/\/b3fxstudios.com\/wp-content\/uploads\/2024\/10\/b3fx-logo-color.png","width":1637,"height":655,"caption":"B3FX Studios"},"image":{"@id":"https:\/\/b3fxstudios.com\/es\/#\/schema\/logo\/image\/"},"sameAs":["https:\/\/www.youtube.com\/@b3fxstudios","https:\/\/www.instagram.com\/rbdlabstudio\/"]}]}},"_links":{"self":[{"href":"https:\/\/b3fxstudios.com\/es\/wp-json\/wp\/v2\/pages\/743","targetHints":{"allow":["GET"]}}],"collection":[{"href":"https:\/\/b3fxstudios.com\/es\/wp-json\/wp\/v2\/pages"}],"about":[{"href":"https:\/\/b3fxstudios.com\/es\/wp-json\/wp\/v2\/types\/page"}],"author":[{"embeddable":true,"href":"https:\/\/b3fxstudios.com\/es\/wp-json\/wp\/v2\/users\/3"}],"replies":[{"embeddable":true,"href":"https:\/\/b3fxstudios.com\/es\/wp-json\/wp\/v2\/comments?post=743"}],"version-history":[{"count":4,"href":"https:\/\/b3fxstudios.com\/es\/wp-json\/wp\/v2\/pages\/743\/revisions"}],"predecessor-version":[{"id":757,"href":"https:\/\/b3fxstudios.com\/es\/wp-json\/wp\/v2\/pages\/743\/revisions\/757"}],"wp:attachment":[{"href":"https:\/\/b3fxstudios.com\/es\/wp-json\/wp\/v2\/media?parent=743"}],"curies":[{"name":"wp","href":"https:\/\/api.w.org\/{rel}","templated":true}]}}